{"id":2,"date":"2010-03-20T11:49:31","date_gmt":"2010-03-20T11:49:31","guid":{"rendered":"http:\/\/www.levisurbain.ca\/?page_id=2"},"modified":"2018-10-09T12:53:07","modified_gmt":"2018-10-09T16:53:07","slug":"a-propos","status":"publish","type":"page","link":"https:\/\/www.levisurbain.ca\/?page_id=2","title":{"rendered":"\u00c0 propos"},"content":{"rendered":"<p>L\u00e9vis Urbain est un carnet web (blogue) sur l&rsquo;urbanisme de la grande ville de L\u00e9vis (Qu\u00e9bec, Canada). Il est le fruit d&rsquo;une initiative personnelle visant \u00e0 palier certaines lacunes de l&rsquo;\u00e9poque en ce qui a trait \u00e0 l&rsquo;information v\u00e9hicul\u00e9 sur l&rsquo;urbanisme, le transport en commun, l&rsquo;environnement, les projets immobiliers et commerciaux et l&rsquo;am\u00e9nagement du territoire dans nos m\u00e9dias r\u00e9gionaux.<\/p>\n<p>En cr\u00e9ant L\u00e9vis Urbain en novembre 2003 je voulais imiter et reproduire, pour l&rsquo;autre grande ville de la r\u00e9gion de Qu\u00e9bec, l&rsquo;excellent travail de Francis Vachon de <a href=\"http:\/\/www.quebecurbain.qc.ca\/\" target=\"_blank\">Qu\u00e9bec Urbain<\/a>. L&rsquo;aventure de L\u00e9vis Urbain fut une aventure solo jusqu&rsquo;en novembre 2004 alors que c&rsquo;est joint \u00e0 moi Yves Gagn\u00e9.<\/p>\n<p>Je trouve important de mentionner que L\u00c9VIS URBAIN EST UN CARNET IND\u00c9PENDANT, SANS AUCUNE ATTACHE POLITIQUE OU COMMERCIALE. Depuis sa cr\u00e9ation, nous avons tent\u00e9 et nous tentons le plus souvent possible de garder LU au dessus de toute prise de position pour aucun parti politique ou projets. L\u00c9VIS URBAIN N&rsquo;EST PAS UN PORTAIL D&rsquo;OPINION mais il n&rsquo;en demeure pas moins qu&rsquo;il reste un carnet personnel et que ce qui y est \u00e9crit (ou reproduit) peut refl\u00e9ter des opinions et id\u00e9es personnelles. Nous sommes fiers de l&rsquo;ind\u00e9pendance de L\u00e9vis Urbain et de l&rsquo;estime aupr\u00e8s des gens du milieu que nous nous sommes cr\u00e9\u00e9 au fil du temps.<\/p>\n<p>L\u00e9vis Urbain a obtenu des droits de reproduction pour le m\u00e9dia suivant :<\/p>\n<ul>\n<li><a href=\"http:\/\/www.journaldelevis.com\" target=\"_blank\">Le Journal de L\u00e9vis<\/a>,<\/li>\n<\/ul>\n<p>Tout autre texte pr\u00e9sent sur L\u00e9vis urbain, si aucune mention de source ne figure, demeure donc la propri\u00e9t\u00e9 exclusive de ses auteurs et ne peut \u00eatre reproduit sans autorisation.<\/p>\n<p>Nous pouvons le remarquer r\u00e9guli\u00e8rement en \u00e9tudiant les statistiques des mots les plus souvent recherch\u00e9s sur le carnet que L\u00e9vis urbain est fr\u00e9quemment associ\u00e9, \u00e0 tort, aux autorit\u00e9s municipales. Voici quelques adresses de sites web incontournables pour le territoire l\u00e9visien :<\/p>\n<ul>\n<li><a href=\"http:\/\/www.ville.levis.qc.ca\" target=\"_blank\">Ville de L\u00e9vis<\/a>,<\/li>\n<\/ul>\n<ul>\n<li><a href=\"https:\/\/levis.chaudiereappalaches.com\/\" target=\"_blank\">Tourisme L\u00e9vis<\/a>,<\/li>\n<\/ul>\n<ul>\n<li><a href=\"https:\/\/www.stlevis.ca\" target=\"_blank\">Soci\u00e9t\u00e9 de Transport de L\u00e9vis<\/a>,<\/li>\n<\/ul>\n<ul>\n<li><a href=\"http:\/\/www.traversiers.com\" target=\"_blank\">Traverse Qu\u00e9bec-L\u00e9vis<\/a>.<\/li>\n<\/ul>\n<p>Vous \u00eates un promoteur immobilier, un politicien ou un simple citoyen int\u00e9ress\u00e9 par les questions l\u00e9visiennes, vous avez des questions ou d\u00e9sirez nous mettre au courant de quelque chose, \u00e9crivez-nous en utilisant les adresses de courriels situ\u00e9s dans nos articles.<\/p>\n<p>De plus, vous pouvez nous inviter \u00e0 faire partager \u00e0 tous les L\u00e9visiennes et L\u00e9visens votre agrandissement d&rsquo;entreprise, votre nouveau projet, etc, invitez-nous \u00e0 votre lancement ! Nous vous offrons notre vitrine, qui fait parti de votre Vie \u00e0 L\u00e9vis !<\/p>\n<p>Pour ceux que cela pourrait int\u00e9resser, L\u00e9vis Urbain a \u00e9t\u00e9\u00a0re\u00e7u \u00e0 deux reprises pour une entrevue dans le cadre\u00a0de l&rsquo;\u00e9mission matinale <a href=\"http:\/\/ici.radio-canada.ca\/premiere\/emissions\/premiere-heure\" target=\"_blank\">Premi\u00e8re Heure<\/a> de Radio-canada :<\/p>\n<ul>\n<li>\u00c9coutez l&rsquo;entrevue du 28 juillet 2010 <a href=\"http:\/\/www.levisurbain.ca\/wp-content\/uploads\/Medias\/LU_Entrevue_Premiere_Heure_28-07-10.mp3\" target=\"_blank\">ici<\/a>.<\/li>\n<li>\u00c9coutez l&rsquo;entrevue du 17 juin 2011 <a href=\"http:\/\/www.levisurbain.ca\/wp-content\/uploads\/Medias\/LU_Entrevue_Premiere_Heure_17-06-11.mp3\" target=\"_blank\">ici<\/a>.<\/li>\n<\/ul>\n","protected":false},"excerpt":{"rendered":"<p>L\u00e9vis Urbain est un carnet web (blogue) sur l&rsquo;urbanisme de la grande ville de L\u00e9vis (Qu\u00e9bec, Canada). Il est le fruit d&rsquo;une initiative personnelle visant \u00e0 palier certaines lacunes de l&rsquo;\u00e9poque en ce qui a trait \u00e0 l&rsquo;information v\u00e9hicul\u00e9 sur l&rsquo;urbanisme, le transport en commun, l&rsquo;environnement, les projets immobiliers et commerciaux et l&rsquo;am\u00e9nagement du territoire\u2026 <span class=\"read-more\"><a href=\"https:\/\/www.levisurbain.ca\/?page_id=2\">Lire la suite &raquo;<\/a><\/span><\/p>\n","protected":false},"author":5,"featured_media":0,"parent":0,"menu_order":0,"comment_status":"closed","ping_status":"open","template":"","meta":{"footnotes":""},"class_list":["post-2","page","type-page","status-publish","hentry"],"_links":{"self":[{"href":"https:\/\/www.levisurbain.ca\/index.php?rest_route=\/wp\/v2\/pages\/2","targetHints":{"allow":["GET"]}}],"collection":[{"href":"https:\/\/www.levisurbain.ca\/index.php?rest_route=\/wp\/v2\/pages"}],"about":[{"href":"https:\/\/www.levisurbain.ca\/index.php?rest_route=\/wp\/v2\/types\/page"}],"author":[{"embeddable":true,"href":"https:\/\/www.levisurbain.ca\/index.php?rest_route=\/wp\/v2\/users\/5"}],"replies":[{"embeddable":true,"href":"https:\/\/www.levisurbain.ca\/index.php?rest_route=%2Fwp%2Fv2%2Fcomments&post=2"}],"version-history":[{"count":0,"href":"https:\/\/www.levisurbain.ca\/index.php?rest_route=\/wp\/v2\/pages\/2\/revisions"}],"wp:attachment":[{"href":"https:\/\/www.levisurbain.ca\/index.php?rest_route=%2Fwp%2Fv2%2Fmedia&parent=2"}],"curies":[{"name":"wp","href":"https:\/\/api.w.org\/{rel}","templated":true}]}}